{"id":2209,"date":"2026-03-24T14:49:39","date_gmt":"2026-03-24T20:49:39","guid":{"rendered":"https:\/\/sutpmidec.org\/web\/?page_id=2209"},"modified":"2026-03-24T14:50:19","modified_gmt":"2026-03-24T20:50:19","slug":"nosotros","status":"publish","type":"page","link":"https:\/\/sutpmidec.org\/web\/nosotros\/","title":{"rendered":"Nosotros"},"content":{"rendered":"<p>[et_pb_section fb_built=\u00bb1&#8243; theme_builder_area=\u00bbpost_content\u00bb _builder_version=\u00bb4.27.6&#8243; _module_preset=\u00bbdefault\u00bb][et_pb_row _builder_version=\u00bb4.27.6&#8243; _module_preset=\u00bbdefault\u00bb theme_builder_area=\u00bbpost_content\u00bb][et_pb_column _builder_version=\u00bb4.27.6&#8243; _module_preset=\u00bbdefault\u00bb type=\u00bb4_4&#8243; theme_builder_area=\u00bbpost_content\u00bb][et_pb_text _builder_version=\u00bb4.27.6&#8243; _module_preset=\u00bbdefault\u00bb theme_builder_area=\u00bbpost_content\u00bb hover_enabled=\u00bb0&#8243; sticky_enabled=\u00bb0&#8243;]<\/p>\n<p><labs-tailwind-structural-element-view-v2 _ngcontent-ng-c3091635623=\"\" _nghost-ng-c376333039=\"\" class=\"ng-star-inserted\"><\/labs-tailwind-structural-element-view-v2><\/p>\n<div _ngcontent-ng-c376333039=\"\" class=\"paragraph is-rich-chat-ui normal ng-star-inserted\" data-start-index=\"0\"><span _ngcontent-ng-c376333039=\"\" data-start-index=\"0\" class=\"ng-star-inserted\">El <\/span><b _ngcontent-ng-c376333039=\"\" data-start-index=\"3\" class=\"ng-star-inserted\">Sindicato \u00danico de Trabajadores al Servicio de los Poderes, Municipios e Instituciones Descentralizadas del Estado de Campeche (S.U.T.P.M.I.D.E.C.)<\/b><span _ngcontent-ng-c376333039=\"\" data-start-index=\"150\" class=\"ng-star-inserted\"> es una organizaci\u00f3n estatal integrada por trabajadores comprometidos con la construcci\u00f3n de una sociedad libre e igualitaria, regida por la justicia social y la democracia<\/span><span _ngcontent-ng-c376333039=\"\" class=\"ng-star-inserted\"><\/span><span _ngcontent-ng-c376333039=\"\" data-start-index=\"322\" class=\"ng-star-inserted\">. Como filial de la <\/span><b _ngcontent-ng-c376333039=\"\" data-start-index=\"342\" class=\"ng-star-inserted\">F.S.T.S.G.E.M.<\/b><span _ngcontent-ng-c376333039=\"\" data-start-index=\"356\" class=\"ng-star-inserted\">, este sindicato agrupa a los trabajadores de base de los diversos poderes del estado, ayuntamientos e instituciones descentralizadas de Campeche<\/span><span _ngcontent-ng-c376333039=\"\" class=\"ng-star-inserted\"><\/span><span _ngcontent-ng-c376333039=\"\" data-start-index=\"501\" class=\"ng-star-inserted\">.<\/span><\/div>\n<p><labs-tailwind-structural-element-view-v2 _ngcontent-ng-c3091635623=\"\" _nghost-ng-c376333039=\"\" class=\"ng-star-inserted\"><\/p>\n<div _ngcontent-ng-c376333039=\"\" class=\"paragraph is-rich-chat-ui normal ng-star-inserted\" data-start-index=\"502\"><strong>Identidad y Misi\u00f3n<\/strong><\/div>\n<div _ngcontent-ng-c376333039=\"\" class=\"paragraph is-rich-chat-ui normal ng-star-inserted\" data-start-index=\"502\"><\/div>\n<p><\/labs-tailwind-structural-element-view-v2><labs-tailwind-structural-element-view-v2 _ngcontent-ng-c3091635623=\"\" _nghost-ng-c376333039=\"\" class=\"ng-star-inserted\"><\/p>\n<div _ngcontent-ng-c376333039=\"\" class=\"paragraph is-rich-chat-ui normal ng-star-inserted\" data-start-index=\"586\"><span _ngcontent-ng-c376333039=\"\" data-start-index=\"586\" class=\"ng-star-inserted\">El sindicato se define como un <\/span><b _ngcontent-ng-c376333039=\"\" data-start-index=\"617\" class=\"ng-star-inserted\">frente de acci\u00f3n pol\u00edtica permanente<\/b><span _ngcontent-ng-c376333039=\"\" data-start-index=\"653\" class=\"ng-star-inserted\"> en defensa de las y los trabajadores<\/span><span _ngcontent-ng-c376333039=\"\" class=\"ng-star-inserted\"><\/span><span _ngcontent-ng-c376333039=\"\" data-start-index=\"690\" class=\"ng-star-inserted\">. Su actuaci\u00f3n se rige bajo el lema: <\/span><b _ngcontent-ng-c376333039=\"\" data-start-index=\"727\" class=\"ng-star-inserted\">\u00abPor un bienestar social, laboral y econ\u00f3mico de las y los trabajadores\u00bb<\/b><span _ngcontent-ng-c376333039=\"\" class=\"ng-star-inserted\"><\/span><span _ngcontent-ng-c376333039=\"\" data-start-index=\"799\" class=\"ng-star-inserted\">. Ideol\u00f3gicamente, se identifica con los principios de la Revoluci\u00f3n Mexicana y la Constituci\u00f3n de 1917, promoviendo la soberan\u00eda nacional y la defensa de los derechos laborales como conquistas inviolables<\/span><span _ngcontent-ng-c376333039=\"\" class=\"ng-star-inserted\"><\/span><span _ngcontent-ng-c376333039=\"\" data-start-index=\"1004\" class=\"ng-star-inserted\">.<\/span><\/div>\n<p><\/labs-tailwind-structural-element-view-v2><labs-tailwind-structural-element-view-v2 _ngcontent-ng-c3091635623=\"\" _nghost-ng-c376333039=\"\" class=\"ng-star-inserted\"><\/p>\n<div _ngcontent-ng-c376333039=\"\" class=\"paragraph is-rich-chat-ui heading3 ng-star-inserted\" data-start-index=\"1005\" role=\"heading\" aria-level=\"3\"><span _ngcontent-ng-c376333039=\"\" data-start-index=\"1005\" class=\"ng-star-inserted\">Objetivos Estrat\u00e9gicos y Acci\u00f3n<\/span><\/div>\n<p><\/labs-tailwind-structural-element-view-v2><labs-tailwind-structural-element-view-v2 _ngcontent-ng-c3091635623=\"\" _nghost-ng-c376333039=\"\" class=\"ng-star-inserted\"><\/p>\n<div _ngcontent-ng-c376333039=\"\" class=\"paragraph is-rich-chat-ui normal ng-star-inserted\" data-start-index=\"1036\"><span _ngcontent-ng-c376333039=\"\" data-start-index=\"1036\" class=\"ng-star-inserted\">La labor del SUTPMIDEC se centra en varios ejes fundamentales extra\u00eddos de su programa de acci\u00f3n:<\/span><\/div>\n<p><\/labs-tailwind-structural-element-view-v2><\/p>\n<p>&nbsp;<\/p>\n<ul _ngcontent-ng-c3091635623=\"\" class=\"ng-star-inserted\"><labs-tailwind-structural-element-view-v2 _ngcontent-ng-c3091635623=\"\" _nghost-ng-c376333039=\"\" class=\"ng-star-inserted\"><\/p>\n<li _ngcontent-ng-c376333039=\"\" class=\"paragraph list-item is-rich-chat-ui normal ng-star-inserted\" data-start-index=\"1133\"><b _ngcontent-ng-c376333039=\"\" data-start-index=\"1133\" class=\"ng-star-inserted\">Defensa de Derechos:<\/b><span _ngcontent-ng-c376333039=\"\" data-start-index=\"1153\" class=\"ng-star-inserted\"> Pugna por la plena vigencia de los mandatos constitucionales en materia laboral y la preservaci\u00f3n del <\/span><b _ngcontent-ng-c376333039=\"\" data-start-index=\"1256\" class=\"ng-star-inserted\">derecho a la huelga<\/b><span _ngcontent-ng-c376333039=\"\" data-start-index=\"1275\" class=\"ng-star-inserted\"> como instrumento reivindicador<\/span><span _ngcontent-ng-c376333039=\"\" class=\"ng-star-inserted\"><\/span><span _ngcontent-ng-c376333039=\"\" class=\"ng-star-inserted\"><\/span><span _ngcontent-ng-c376333039=\"\" data-start-index=\"1306\" class=\"ng-star-inserted\">.<\/span><\/li>\n<p><\/labs-tailwind-structural-element-view-v2><labs-tailwind-structural-element-view-v2 _ngcontent-ng-c3091635623=\"\" _nghost-ng-c376333039=\"\" class=\"ng-star-inserted\"><\/p>\n<li _ngcontent-ng-c376333039=\"\" class=\"paragraph list-item is-rich-chat-ui normal ng-star-inserted\" data-start-index=\"1307\"><b _ngcontent-ng-c376333039=\"\" data-start-index=\"1307\" class=\"ng-star-inserted\">Desarrollo Profesional:<\/b><span _ngcontent-ng-c376333039=\"\" data-start-index=\"1330\" class=\"ng-star-inserted\"> Promueve la implementaci\u00f3n de una <\/span><b _ngcontent-ng-c376333039=\"\" data-start-index=\"1365\" class=\"ng-star-inserted\">aut\u00e9ntica carrera administrativa<\/b><span _ngcontent-ng-c376333039=\"\" data-start-index=\"1397\" class=\"ng-star-inserted\"> mediante centros de capacitaci\u00f3n que permitan a los agremiados acceder a mejores cargos y salarios<\/span><span _ngcontent-ng-c376333039=\"\" class=\"ng-star-inserted\"><\/span><span _ngcontent-ng-c376333039=\"\" data-start-index=\"1496\" class=\"ng-star-inserted\">.<\/span><\/li>\n<p><\/labs-tailwind-structural-element-view-v2><labs-tailwind-structural-element-view-v2 _ngcontent-ng-c3091635623=\"\" _nghost-ng-c376333039=\"\" class=\"ng-star-inserted\"><\/p>\n<li _ngcontent-ng-c376333039=\"\" class=\"paragraph list-item is-rich-chat-ui normal ng-star-inserted\" data-start-index=\"1497\"><b _ngcontent-ng-c376333039=\"\" data-start-index=\"1497\" class=\"ng-star-inserted\">Bienestar Social:<\/b><span _ngcontent-ng-c376333039=\"\" data-start-index=\"1514\" class=\"ng-star-inserted\"> El sindicato asume como propias las gestiones para asegurar servicios de salud de calidad, educaci\u00f3n, cultura, deporte y acceso a programas de <\/span><b _ngcontent-ng-c376333039=\"\" data-start-index=\"1658\" class=\"ng-star-inserted\">vivienda digna<\/b><span _ngcontent-ng-c376333039=\"\" data-start-index=\"1672\" class=\"ng-star-inserted\"> para sus miembros<\/span><span _ngcontent-ng-c376333039=\"\" class=\"ng-star-inserted\"><\/span><span _ngcontent-ng-c376333039=\"\" class=\"ng-star-inserted\"><\/span><span _ngcontent-ng-c376333039=\"\" data-start-index=\"1690\" class=\"ng-star-inserted\">.<\/span><\/li>\n<p><\/labs-tailwind-structural-element-view-v2><labs-tailwind-structural-element-view-v2 _ngcontent-ng-c3091635623=\"\" _nghost-ng-c376333039=\"\" class=\"ng-star-inserted\"><\/p>\n<li _ngcontent-ng-c376333039=\"\" class=\"paragraph list-item is-rich-chat-ui normal ng-star-inserted\" data-start-index=\"1691\"><b _ngcontent-ng-c376333039=\"\" data-start-index=\"1691\" class=\"ng-star-inserted\">Autonom\u00eda y Democracia:<\/b><span _ngcontent-ng-c376333039=\"\" data-start-index=\"1714\" class=\"ng-star-inserted\"> Defiende estrictamente su <\/span><b _ngcontent-ng-c376333039=\"\" data-start-index=\"1741\" class=\"ng-star-inserted\">autonom\u00eda sindical interna<\/b><span _ngcontent-ng-c376333039=\"\" data-start-index=\"1767\" class=\"ng-star-inserted\"> y fomenta la participaci\u00f3n democr\u00e1tica de la base trabajadora mediante el sufragio libre, directo y secreto<\/span><span _ngcontent-ng-c376333039=\"\" class=\"ng-star-inserted\"><\/span><span _ngcontent-ng-c376333039=\"\" class=\"ng-star-inserted\"><\/span><span _ngcontent-ng-c376333039=\"\" data-start-index=\"1875\" class=\"ng-star-inserted\">.<\/span><\/li>\n<p><\/labs-tailwind-structural-element-view-v2><\/ul>\n<p><labs-tailwind-structural-element-view-v2 _ngcontent-ng-c3091635623=\"\" _nghost-ng-c376333039=\"\" class=\"ng-star-inserted\"><\/labs-tailwind-structural-element-view-v2><\/p>\n<div _ngcontent-ng-c376333039=\"\" class=\"paragraph is-rich-chat-ui heading3 ng-star-inserted\" data-start-index=\"1876\" role=\"heading\" aria-level=\"3\"><strong><span _ngcontent-ng-c376333039=\"\" data-start-index=\"1876\" class=\"ng-star-inserted\">Estructura Organizativa<\/span><\/strong><\/div>\n<p><labs-tailwind-structural-element-view-v2 _ngcontent-ng-c3091635623=\"\" _nghost-ng-c376333039=\"\" class=\"ng-star-inserted\"><\/p>\n<div _ngcontent-ng-c376333039=\"\" class=\"paragraph is-rich-chat-ui normal ng-star-inserted\" data-start-index=\"1899\"><span _ngcontent-ng-c376333039=\"\" data-start-index=\"1899\" class=\"ng-star-inserted\">Para garantizar una defensa efectiva en todo el estado, el sindicato se organiza de manera descentralizada:<\/span><\/div>\n<p><\/labs-tailwind-structural-element-view-v2><\/p>\n<p>&nbsp;<\/p>\n<ul _ngcontent-ng-c3091635623=\"\" class=\"ng-star-inserted\"><labs-tailwind-structural-element-view-v2 _ngcontent-ng-c3091635623=\"\" _nghost-ng-c376333039=\"\" class=\"ng-star-inserted\"><\/p>\n<li _ngcontent-ng-c376333039=\"\" class=\"paragraph list-item is-rich-chat-ui normal ng-star-inserted\" data-start-index=\"2006\"><b _ngcontent-ng-c376333039=\"\" data-start-index=\"2006\" class=\"ng-star-inserted\">Secciones:<\/b><span _ngcontent-ng-c376333039=\"\" data-start-index=\"2016\" class=\"ng-star-inserted\"> Cuenta con representaciones en los diversos municipios del estado, como Campeche, Carmen, Champot\u00f3n y otros ayuntamientos<\/span><span _ngcontent-ng-c376333039=\"\" class=\"ng-star-inserted\"><\/span><span _ngcontent-ng-c376333039=\"\" data-start-index=\"2138\" class=\"ng-star-inserted\">.<\/span><\/li>\n<p><\/labs-tailwind-structural-element-view-v2><labs-tailwind-structural-element-view-v2 _ngcontent-ng-c3091635623=\"\" _nghost-ng-c376333039=\"\" class=\"ng-star-inserted\"><\/p>\n<li _ngcontent-ng-c376333039=\"\" class=\"paragraph list-item is-rich-chat-ui normal ng-star-inserted\" data-start-index=\"2139\"><b _ngcontent-ng-c376333039=\"\" data-start-index=\"2139\" class=\"ng-star-inserted\">Delegaciones:<\/b><span _ngcontent-ng-c376333039=\"\" data-start-index=\"2152\" class=\"ng-star-inserted\"> Posee delegaciones en m\u00faltiples dependencias estatales, incluyendo secretar\u00edas (Finanzas, Salud, Educaci\u00f3n), institutos y organismos como el Sistema D.I.F. Estatal y el Poder Legislativo<\/span><span _ngcontent-ng-c376333039=\"\" class=\"ng-star-inserted\"><\/span><span _ngcontent-ng-c376333039=\"\" class=\"ng-star-inserted\"><\/span><span _ngcontent-ng-c376333039=\"\" data-start-index=\"2339\" class=\"ng-star-inserted\">.<\/span><\/li>\n<p><\/labs-tailwind-structural-element-view-v2><labs-tailwind-structural-element-view-v2 _ngcontent-ng-c3091635623=\"\" _nghost-ng-c376333039=\"\" class=\"ng-star-inserted\"><\/p>\n<li _ngcontent-ng-c376333039=\"\" class=\"paragraph list-item is-rich-chat-ui normal ng-star-inserted\" data-start-index=\"2340\"><b _ngcontent-ng-c376333039=\"\" data-start-index=\"2340\" class=\"ng-star-inserted\">Gobierno Interno:<\/b><span _ngcontent-ng-c376333039=\"\" data-start-index=\"2357\" class=\"ng-star-inserted\"> La m\u00e1xima autoridad es la <\/span><b _ngcontent-ng-c376333039=\"\" data-start-index=\"2384\" class=\"ng-star-inserted\">Asamblea Estatal<\/b><span _ngcontent-ng-c376333039=\"\" data-start-index=\"2400\" class=\"ng-star-inserted\">, seguida por el Comit\u00e9 Ejecutivo Estatal, el cual es el encargado de ejecutar los estatutos y acuerdos de la asamblea<\/span><span _ngcontent-ng-c376333039=\"\" class=\"ng-star-inserted\"><\/span><span _ngcontent-ng-c376333039=\"\" class=\"ng-star-inserted\"><\/span><span _ngcontent-ng-c376333039=\"\" data-start-index=\"2518\" class=\"ng-star-inserted\">.<\/span><\/li>\n<p><\/labs-tailwind-structural-element-view-v2><\/ul>\n<p><labs-tailwind-structural-element-view-v2 _ngcontent-ng-c3091635623=\"\" _nghost-ng-c376333039=\"\" class=\"ng-star-inserted\"><\/labs-tailwind-structural-element-view-v2><\/p>\n<div _ngcontent-ng-c376333039=\"\" class=\"paragraph is-rich-chat-ui normal ng-star-inserted\" data-start-index=\"2519\"><span _ngcontent-ng-c376333039=\"\" data-start-index=\"2519\" class=\"ng-star-inserted\">Con sede en la ciudad de <\/span><b _ngcontent-ng-c376333039=\"\" data-start-index=\"2544\" class=\"ng-star-inserted\">San Francisco de Campeche<\/b><span _ngcontent-ng-c376333039=\"\" data-start-index=\"2569\" class=\"ng-star-inserted\">, el SUTPMIDEC se mantiene como una organizaci\u00f3n activa que busca no solo el equilibrio entre los factores de la producci\u00f3n, sino la superaci\u00f3n constante de la clase trabajadora en los \u00e1mbitos econ\u00f3mico, cultural y pol\u00edtico<\/span><span _ngcontent-ng-c376333039=\"\" class=\"ng-star-inserted\"><\/span><span _ngcontent-ng-c376333039=\"\" class=\"ng-star-inserted\"><\/span><span _ngcontent-ng-c376333039=\"\" data-start-index=\"2792\" class=\"ng-star-inserted\">.<\/span><\/div>\n<p>&nbsp;<\/p>\n<p>[\/et_pb_text][\/et_pb_column][\/et_pb_row][\/et_pb_section]<\/p>\n","protected":false},"excerpt":{"rendered":"<p>El Sindicato \u00danico de Trabajadores al Servicio de los Poderes, Municipios e Instituciones Descentralizadas del Estado de Campeche (S.U.T.P.M.I.D.E.C.) es una organizaci\u00f3n estatal integrada por trabajadores comprometidos con la construcci\u00f3n de una sociedad libre e igualitaria, regida por la justicia social y la democracia. Como filial de la F.S.T.S.G.E.M., este sindicato agrupa a los trabajadores [&hellip;]<\/p>\n","protected":false},"author":9,"featured_media":0,"parent":0,"menu_order":0,"comment_status":"closed","ping_status":"closed","template":"","meta":{"_et_pb_use_builder":"on","_et_pb_old_content":"","_et_gb_content_width":"","footnotes":""},"class_list":["post-2209","page","type-page","status-publish","hentry"],"_links":{"self":[{"href":"https:\/\/sutpmidec.org\/web\/wp-json\/wp\/v2\/pages\/2209","targetHints":{"allow":["GET"]}}],"collection":[{"href":"https:\/\/sutpmidec.org\/web\/wp-json\/wp\/v2\/pages"}],"about":[{"href":"https:\/\/sutpmidec.org\/web\/wp-json\/wp\/v2\/types\/page"}],"author":[{"embeddable":true,"href":"https:\/\/sutpmidec.org\/web\/wp-json\/wp\/v2\/users\/9"}],"replies":[{"embeddable":true,"href":"https:\/\/sutpmidec.org\/web\/wp-json\/wp\/v2\/comments?post=2209"}],"version-history":[{"count":3,"href":"https:\/\/sutpmidec.org\/web\/wp-json\/wp\/v2\/pages\/2209\/revisions"}],"predecessor-version":[{"id":2213,"href":"https:\/\/sutpmidec.org\/web\/wp-json\/wp\/v2\/pages\/2209\/revisions\/2213"}],"wp:attachment":[{"href":"https:\/\/sutpmidec.org\/web\/wp-json\/wp\/v2\/media?parent=2209"}],"curies":[{"name":"wp","href":"https:\/\/api.w.org\/{rel}","templated":true}]}}