{"id":2221,"date":"2026-03-24T20:16:00","date_gmt":"2026-03-25T02:16:00","guid":{"rendered":"https:\/\/sutpmidec.org\/web\/?page_id=2221"},"modified":"2026-03-24T20:16:01","modified_gmt":"2026-03-25T02:16:01","slug":"secretarias","status":"publish","type":"page","link":"https:\/\/sutpmidec.org\/web\/secretarias\/","title":{"rendered":"Secretar\u00edas"},"content":{"rendered":"\n[et_pb_section fb_built=\u00bb1&#8243; theme_builder_area=\u00bbpost_content\u00bb _builder_version=\u00bb4.27.6&#8243; _module_preset=\u00bbdefault\u00bb][et_pb_row _builder_version=\u00bb4.27.6&#8243; _module_preset=\u00bbdefault\u00bb theme_builder_area=\u00bbpost_content\u00bb][et_pb_column _builder_version=\u00bb4.27.6&#8243; _module_preset=\u00bbdefault\u00bb type=\u00bb4_4&#8243; theme_builder_area=\u00bbpost_content\u00bb][et_pb_text _builder_version=\u00bb4.27.6&#8243; _module_preset=\u00bbdefault\u00bb theme_builder_area=\u00bbpost_content\u00bb hover_enabled=\u00bb0&#8243; sticky_enabled=\u00bb0&#8243;]<p><labs-tailwind-structural-element-view-v2 _ngcontent-ng-c3091635623=\"\" _nghost-ng-c376333039=\"\" class=\"ng-star-inserted\"><\/labs-tailwind-structural-element-view-v2><\/p>\n<div _ngcontent-ng-c376333039=\"\" class=\"paragraph is-rich-chat-ui normal ng-star-inserted\" data-start-index=\"0\"><span _ngcontent-ng-c376333039=\"\" data-start-index=\"0\" class=\"ng-star-inserted\">Dentro de la estructura organizativa del <\/span><b _ngcontent-ng-c376333039=\"\" data-start-index=\"41\" class=\"ng-star-inserted\">SUTPMIDEC<\/b><span _ngcontent-ng-c376333039=\"\" data-start-index=\"50\" class=\"ng-star-inserted\">, el <\/span><b _ngcontent-ng-c376333039=\"\" data-start-index=\"55\" class=\"ng-star-inserted\">Comit\u00e9 Ejecutivo Estatal<\/b><span _ngcontent-ng-c376333039=\"\" data-start-index=\"79\" class=\"ng-star-inserted\"> se integra por diversas secretar\u00edas que tienen funciones espec\u00edficas para la defensa y servicio de los agremiados<\/span><span _ngcontent-ng-c376333039=\"\" class=\"ng-star-inserted\"><\/span><span _ngcontent-ng-c376333039=\"\" data-start-index=\"193\" class=\"ng-star-inserted\">. A continuaci\u00f3n, se presenta el listado de las secretar\u00edas que operan a nivel estatal y una breve descripci\u00f3n de sus facultades:<\/span><\/div>\n<p><labs-tailwind-structural-element-view-v2 _ngcontent-ng-c3091635623=\"\" _nghost-ng-c376333039=\"\" class=\"ng-star-inserted\"><\/labs-tailwind-structural-element-view-v2><\/p>\n<div _ngcontent-ng-c376333039=\"\" class=\"paragraph is-rich-chat-ui heading3 ng-star-inserted\" data-start-index=\"322\" role=\"heading\" aria-level=\"3\"><span _ngcontent-ng-c376333039=\"\" data-start-index=\"322\" class=\"ng-star-inserted\">Listado de Secretar\u00edas del Comit\u00e9 Ejecutivo Estatal<\/span><\/div>\n<p>&nbsp;<\/p>\n<p>&nbsp;<\/p>\n<ol _ngcontent-ng-c3091635623=\"\" class=\"ng-star-inserted\"><labs-tailwind-structural-element-view-v2 _ngcontent-ng-c3091635623=\"\" _nghost-ng-c376333039=\"\" class=\"ng-star-inserted\"><\/p>\n<li _ngcontent-ng-c376333039=\"\" class=\"paragraph list-item is-rich-chat-ui normal ng-star-inserted\" data-start-index=\"373\"><b _ngcontent-ng-c376333039=\"\" data-start-index=\"373\" class=\"ng-star-inserted\">Secretar\u00eda General:<\/b><span _ngcontent-ng-c376333039=\"\" data-start-index=\"392\" class=\"ng-star-inserted\"> Ejerce la representaci\u00f3n oficial, jur\u00eddica y pol\u00edtica del sindicato; administra las oficinas y firma las convocatorias para las asambleas<\/span><span _ngcontent-ng-c376333039=\"\" class=\"ng-star-inserted\"><\/span><span _ngcontent-ng-c376333039=\"\" data-start-index=\"530\" class=\"ng-star-inserted\">.<\/span><\/li>\n<p><\/labs-tailwind-structural-element-view-v2><labs-tailwind-structural-element-view-v2 _ngcontent-ng-c3091635623=\"\" _nghost-ng-c376333039=\"\" class=\"ng-star-inserted\"><\/p>\n<li _ngcontent-ng-c376333039=\"\" class=\"paragraph list-item is-rich-chat-ui normal ng-star-inserted\" data-start-index=\"531\"><b _ngcontent-ng-c376333039=\"\" data-start-index=\"531\" class=\"ng-star-inserted\">Secretar\u00eda General Adjunto:<\/b><span _ngcontent-ng-c376333039=\"\" data-start-index=\"558\" class=\"ng-star-inserted\"> Suplir al Secretario General en sus faltas temporales y auxiliarlo en las labores administrativas y estad\u00edsticas<\/span><span _ngcontent-ng-c376333039=\"\" class=\"ng-star-inserted\"><\/span><span _ngcontent-ng-c376333039=\"\" data-start-index=\"671\" class=\"ng-star-inserted\">.<\/span><\/li>\n<p><\/labs-tailwind-structural-element-view-v2><labs-tailwind-structural-element-view-v2 _ngcontent-ng-c3091635623=\"\" _nghost-ng-c376333039=\"\" class=\"ng-star-inserted\"><\/p>\n<li _ngcontent-ng-c376333039=\"\" class=\"paragraph list-item is-rich-chat-ui normal ng-star-inserted\" data-start-index=\"672\"><b _ngcontent-ng-c376333039=\"\" data-start-index=\"672\" class=\"ng-star-inserted\">Secretar\u00eda del Interior:<\/b><span _ngcontent-ng-c376333039=\"\" data-start-index=\"696\" class=\"ng-star-inserted\"> Coordina la correspondencia, certifica las votaciones en asambleas y revisa los estatutos y reglamentos en conjunto con los dem\u00e1s integrantes<\/span><span _ngcontent-ng-c376333039=\"\" class=\"ng-star-inserted\"><\/span><span _ngcontent-ng-c376333039=\"\" data-start-index=\"838\" class=\"ng-star-inserted\">.<\/span><\/li>\n<p><\/labs-tailwind-structural-element-view-v2><labs-tailwind-structural-element-view-v2 _ngcontent-ng-c3091635623=\"\" _nghost-ng-c376333039=\"\" class=\"ng-star-inserted\"><\/p>\n<li _ngcontent-ng-c376333039=\"\" class=\"paragraph list-item is-rich-chat-ui normal ng-star-inserted\" data-start-index=\"839\"><b _ngcontent-ng-c376333039=\"\" data-start-index=\"839\" class=\"ng-star-inserted\">Secretar\u00eda de Trabajo y Conflictos:<\/b><span _ngcontent-ng-c376333039=\"\" data-start-index=\"874\" class=\"ng-star-inserted\"> Conoce y atiende los problemas laborales de los miembros, buscando soluciones satisfactorias ante las autoridades<\/span><span _ngcontent-ng-c376333039=\"\" class=\"ng-star-inserted\"><\/span><span _ngcontent-ng-c376333039=\"\" class=\"ng-star-inserted\"><\/span><span _ngcontent-ng-c376333039=\"\" data-start-index=\"988\" class=\"ng-star-inserted\">.<\/span><\/li>\n<p><\/labs-tailwind-structural-element-view-v2><labs-tailwind-structural-element-view-v2 _ngcontent-ng-c3091635623=\"\" _nghost-ng-c376333039=\"\" class=\"ng-star-inserted\"><\/p>\n<li _ngcontent-ng-c376333039=\"\" class=\"paragraph list-item is-rich-chat-ui normal ng-star-inserted\" data-start-index=\"989\"><b _ngcontent-ng-c376333039=\"\" data-start-index=\"989\" class=\"ng-star-inserted\">Secretar\u00eda de Finanzas y Planeaci\u00f3n Econ\u00f3mica:<\/b><span _ngcontent-ng-c376333039=\"\" data-start-index=\"1035\" class=\"ng-star-inserted\"> Encargada de salvaguardar los fondos econ\u00f3micos y bienes del sindicato, as\u00ed como de recaudar las cuotas sindicales<\/span><span _ngcontent-ng-c376333039=\"\" class=\"ng-star-inserted\"><\/span><span _ngcontent-ng-c376333039=\"\" data-start-index=\"1150\" class=\"ng-star-inserted\">.<\/span><\/li>\n<p><\/labs-tailwind-structural-element-view-v2><labs-tailwind-structural-element-view-v2 _ngcontent-ng-c3091635623=\"\" _nghost-ng-c376333039=\"\" class=\"ng-star-inserted\"><\/p>\n<li _ngcontent-ng-c376333039=\"\" class=\"paragraph list-item is-rich-chat-ui normal ng-star-inserted\" data-start-index=\"1151\"><b _ngcontent-ng-c376333039=\"\" data-start-index=\"1151\" class=\"ng-star-inserted\">Secretar\u00eda de Organizaci\u00f3n y Afiliaci\u00f3n:<\/b><span _ngcontent-ng-c376333039=\"\" data-start-index=\"1191\" class=\"ng-star-inserted\"> Asesora a las secciones y delegaciones, elabora el padr\u00f3n de miembros y organiza nuevas delegaciones en los centros de trabajo<\/span><span _ngcontent-ng-c376333039=\"\" class=\"ng-star-inserted\"><\/span><span _ngcontent-ng-c376333039=\"\" data-start-index=\"1318\" class=\"ng-star-inserted\">.<\/span><\/li>\n<p><\/labs-tailwind-structural-element-view-v2><labs-tailwind-structural-element-view-v2 _ngcontent-ng-c3091635623=\"\" _nghost-ng-c376333039=\"\" class=\"ng-star-inserted\"><\/p>\n<li _ngcontent-ng-c376333039=\"\" class=\"paragraph list-item is-rich-chat-ui normal ng-star-inserted\" data-start-index=\"1319\"><b _ngcontent-ng-c376333039=\"\" data-start-index=\"1319\" class=\"ng-star-inserted\">Secretar\u00eda de Previsi\u00f3n Social:<\/b><span _ngcontent-ng-c376333039=\"\" data-start-index=\"1350\" class=\"ng-star-inserted\"> Vigila que las instituciones m\u00e9dicas brinden un servicio eficiente a los trabajadores y sus familias, y ofrece apoyo en caso de fallecimiento<\/span><span _ngcontent-ng-c376333039=\"\" class=\"ng-star-inserted\"><\/span><span _ngcontent-ng-c376333039=\"\" data-start-index=\"1492\" class=\"ng-star-inserted\">.<\/span><\/li>\n<p><\/labs-tailwind-structural-element-view-v2><labs-tailwind-structural-element-view-v2 _ngcontent-ng-c3091635623=\"\" _nghost-ng-c376333039=\"\" class=\"ng-star-inserted\"><\/p>\n<li _ngcontent-ng-c376333039=\"\" class=\"paragraph list-item is-rich-chat-ui normal ng-star-inserted\" data-start-index=\"1493\"><b _ngcontent-ng-c376333039=\"\" data-start-index=\"1493\" class=\"ng-star-inserted\">Secretar\u00eda de Promoci\u00f3n y Fomento a la Vivienda:<\/b><span _ngcontent-ng-c376333039=\"\" data-start-index=\"1541\" class=\"ng-star-inserted\"> Gestiona programas de vivienda (construcci\u00f3n, mejora o adquisici\u00f3n) y asesora ante problemas de carteras vencidas o viviendas defectuosas<\/span><span _ngcontent-ng-c376333039=\"\" class=\"ng-star-inserted\"><\/span><span _ngcontent-ng-c376333039=\"\" class=\"ng-star-inserted\"><\/span><span _ngcontent-ng-c376333039=\"\" data-start-index=\"1679\" class=\"ng-star-inserted\">.<\/span><\/li>\n<p><\/labs-tailwind-structural-element-view-v2><labs-tailwind-structural-element-view-v2 _ngcontent-ng-c3091635623=\"\" _nghost-ng-c376333039=\"\" class=\"ng-star-inserted\"><\/p>\n<li _ngcontent-ng-c376333039=\"\" class=\"paragraph list-item is-rich-chat-ui normal ng-star-inserted\" data-start-index=\"1680\"><b _ngcontent-ng-c376333039=\"\" data-start-index=\"1680\" class=\"ng-star-inserted\">Secretar\u00eda de Jubilaciones y Pensiones:<\/b><span _ngcontent-ng-c376333039=\"\" data-start-index=\"1719\" class=\"ng-star-inserted\"> Asesora y coordina los tr\u00e1mites para que los procesos de jubilaci\u00f3n sean expeditos, vigilando que se cumplan las leyes de la materia<\/span><span _ngcontent-ng-c376333039=\"\" class=\"ng-star-inserted\"><\/span><span _ngcontent-ng-c376333039=\"\" data-start-index=\"1852\" class=\"ng-star-inserted\">.<\/span><\/li>\n<p><\/labs-tailwind-structural-element-view-v2><labs-tailwind-structural-element-view-v2 _ngcontent-ng-c3091635623=\"\" _nghost-ng-c376333039=\"\" class=\"ng-star-inserted\"><\/p>\n<li _ngcontent-ng-c376333039=\"\" class=\"paragraph list-item is-rich-chat-ui normal ng-star-inserted\" data-start-index=\"1853\"><b _ngcontent-ng-c376333039=\"\" data-start-index=\"1853\" class=\"ng-star-inserted\">Secretar\u00eda de Prensa y Propaganda:<\/b><span _ngcontent-ng-c376333039=\"\" data-start-index=\"1887\" class=\"ng-star-inserted\"> Coordina la difusi\u00f3n de las actividades sindicales mediante boletines y medios de comunicaci\u00f3n, y promueve la educaci\u00f3n pol\u00edtica sindical<\/span><span _ngcontent-ng-c376333039=\"\" class=\"ng-star-inserted\"><\/span><span _ngcontent-ng-c376333039=\"\" data-start-index=\"2025\" class=\"ng-star-inserted\">.<\/span><\/li>\n<p><\/labs-tailwind-structural-element-view-v2><labs-tailwind-structural-element-view-v2 _ngcontent-ng-c3091635623=\"\" _nghost-ng-c376333039=\"\" class=\"ng-star-inserted\"><\/p>\n<li _ngcontent-ng-c376333039=\"\" class=\"paragraph list-item is-rich-chat-ui normal ng-star-inserted\" data-start-index=\"2026\"><b _ngcontent-ng-c376333039=\"\" data-start-index=\"2026\" class=\"ng-star-inserted\">Secretar\u00eda de Actas y Acuerdos:<\/b><span _ngcontent-ng-c376333039=\"\" data-start-index=\"2057\" class=\"ng-star-inserted\"> Levanta las actas de las asambleas y reuniones oficiales, llevando un registro del qu\u00f3rum y de los acuerdos tomados<\/span><span _ngcontent-ng-c376333039=\"\" class=\"ng-star-inserted\"><\/span><span _ngcontent-ng-c376333039=\"\" class=\"ng-star-inserted\"><\/span><span _ngcontent-ng-c376333039=\"\" data-start-index=\"2173\" class=\"ng-star-inserted\">.<\/span><\/li>\n<p><\/labs-tailwind-structural-element-view-v2><labs-tailwind-structural-element-view-v2 _ngcontent-ng-c3091635623=\"\" _nghost-ng-c376333039=\"\" class=\"ng-star-inserted\"><\/p>\n<li _ngcontent-ng-c376333039=\"\" class=\"paragraph list-item is-rich-chat-ui normal ng-star-inserted\" data-start-index=\"2174\"><b _ngcontent-ng-c376333039=\"\" data-start-index=\"2174\" class=\"ng-star-inserted\">Secretar\u00eda de Cultura:<\/b><span _ngcontent-ng-c376333039=\"\" data-start-index=\"2196\" class=\"ng-star-inserted\"> Fomenta y coordina la realizaci\u00f3n de eventos culturales y acad\u00e9micos que promuevan la convivencia entre los agremiados<\/span><span _ngcontent-ng-c376333039=\"\" class=\"ng-star-inserted\"><\/span><span _ngcontent-ng-c376333039=\"\" data-start-index=\"2315\" class=\"ng-star-inserted\">.<\/span><\/li>\n<p><\/labs-tailwind-structural-element-view-v2><labs-tailwind-structural-element-view-v2 _ngcontent-ng-c3091635623=\"\" _nghost-ng-c376333039=\"\" class=\"ng-star-inserted\"><\/p>\n<li _ngcontent-ng-c376333039=\"\" class=\"paragraph list-item is-rich-chat-ui normal ng-star-inserted\" data-start-index=\"2316\"><b _ngcontent-ng-c376333039=\"\" data-start-index=\"2316\" class=\"ng-star-inserted\">Secretar\u00eda de Deportes:<\/b><span _ngcontent-ng-c376333039=\"\" data-start-index=\"2339\" class=\"ng-star-inserted\"> Dise\u00f1a y planifica programas, torneos y competencias deportivas para los miembros del sindicato<\/span><span _ngcontent-ng-c376333039=\"\" class=\"ng-star-inserted\"><\/span><span _ngcontent-ng-c376333039=\"\" data-start-index=\"2435\" class=\"ng-star-inserted\">.<\/span><\/li>\n<p><\/labs-tailwind-structural-element-view-v2><labs-tailwind-structural-element-view-v2 _ngcontent-ng-c3091635623=\"\" _nghost-ng-c376333039=\"\" class=\"ng-star-inserted\"><\/p>\n<li _ngcontent-ng-c376333039=\"\" class=\"paragraph list-item is-rich-chat-ui normal ng-star-inserted\" data-start-index=\"2436\"><b _ngcontent-ng-c376333039=\"\" data-start-index=\"2436\" class=\"ng-star-inserted\">Secretar\u00eda de Acci\u00f3n Femenil:<\/b><span _ngcontent-ng-c376333039=\"\" data-start-index=\"2465\" class=\"ng-star-inserted\"> Promueve la equidad de g\u00e9nero y la participaci\u00f3n activa de las mujeres en la vida sindical y en programas de organizaci\u00f3n social<\/span><span _ngcontent-ng-c376333039=\"\" class=\"ng-star-inserted\"><\/span><span _ngcontent-ng-c376333039=\"\" data-start-index=\"2594\" class=\"ng-star-inserted\">.<\/span><\/li>\n<p><\/labs-tailwind-structural-element-view-v2><labs-tailwind-structural-element-view-v2 _ngcontent-ng-c3091635623=\"\" _nghost-ng-c376333039=\"\" class=\"ng-star-inserted\"><\/p>\n<li _ngcontent-ng-c376333039=\"\" class=\"paragraph list-item is-rich-chat-ui normal ng-star-inserted\" data-start-index=\"2595\"><b _ngcontent-ng-c376333039=\"\" data-start-index=\"2595\" class=\"ng-star-inserted\">Secretar\u00eda de Acci\u00f3n Juvenil:<\/b><span _ngcontent-ng-c376333039=\"\" data-start-index=\"2624\" class=\"ng-star-inserted\"> Coordina a los trabajadores j\u00f3venes, fomentando su participaci\u00f3n directa en los eventos y programas del sindicato<\/span><span _ngcontent-ng-c376333039=\"\" class=\"ng-star-inserted\"><\/span><span _ngcontent-ng-c376333039=\"\" class=\"ng-star-inserted\"><\/span><span _ngcontent-ng-c376333039=\"\" data-start-index=\"2738\" class=\"ng-star-inserted\">.<\/span><\/li>\n<p><\/labs-tailwind-structural-element-view-v2><labs-tailwind-structural-element-view-v2 _ngcontent-ng-c3091635623=\"\" _nghost-ng-c376333039=\"\" class=\"ng-star-inserted\"><\/p>\n<li _ngcontent-ng-c376333039=\"\" class=\"paragraph list-item is-rich-chat-ui normal ng-star-inserted\" data-start-index=\"2739\"><b _ngcontent-ng-c376333039=\"\" data-start-index=\"2739\" class=\"ng-star-inserted\">Secretar\u00eda de Asuntos Jur\u00eddicos:<\/b><span _ngcontent-ng-c376333039=\"\" data-start-index=\"2771\" class=\"ng-star-inserted\"> Act\u00faa como asesor y apoderado legal del sindicato en la defensa de sus intereses y en la revisi\u00f3n de la legislaci\u00f3n laboral<\/span><span _ngcontent-ng-c376333039=\"\" class=\"ng-star-inserted\"><\/span><span _ngcontent-ng-c376333039=\"\" data-start-index=\"2895\" class=\"ng-star-inserted\">.<\/span><\/li>\n<p><\/labs-tailwind-structural-element-view-v2><labs-tailwind-structural-element-view-v2 _ngcontent-ng-c3091635623=\"\" _nghost-ng-c376333039=\"\" class=\"ng-star-inserted\"><\/p>\n<li _ngcontent-ng-c376333039=\"\" class=\"paragraph list-item is-rich-chat-ui normal ng-star-inserted\" data-start-index=\"2896\"><b _ngcontent-ng-c376333039=\"\" data-start-index=\"2896\" class=\"ng-star-inserted\">Secretar\u00eda de Gesti\u00f3n Social:<\/b><span _ngcontent-ng-c376333039=\"\" data-start-index=\"2925\" class=\"ng-star-inserted\"> Gestiona descuentos en comercios y servicios para los miembros, as\u00ed como convenios que mejoren su calidad de vida<\/span><span _ngcontent-ng-c376333039=\"\" class=\"ng-star-inserted\"><\/span><span _ngcontent-ng-c376333039=\"\" data-start-index=\"3039\" class=\"ng-star-inserted\">.<\/span><\/li>\n<p><\/labs-tailwind-structural-element-view-v2><labs-tailwind-structural-element-view-v2 _ngcontent-ng-c3091635623=\"\" _nghost-ng-c376333039=\"\" class=\"ng-star-inserted\"><\/p>\n<li _ngcontent-ng-c376333039=\"\" class=\"paragraph list-item is-rich-chat-ui normal ng-star-inserted\" data-start-index=\"3040\"><b _ngcontent-ng-c376333039=\"\" data-start-index=\"3040\" class=\"ng-star-inserted\">Secretar\u00eda de Escalaf\u00f3n y Capacitaci\u00f3n:<\/b><span _ngcontent-ng-c376333039=\"\" data-start-index=\"3079\" class=\"ng-star-inserted\"> Vigila el cumplimiento de las leyes de escalaf\u00f3n, avala movimientos de plazas y coordina la capacitaci\u00f3n adecuada para el desarrollo laboral<\/span><span _ngcontent-ng-c376333039=\"\" class=\"ng-star-inserted\"><\/span><span _ngcontent-ng-c376333039=\"\" class=\"ng-star-inserted\"><\/span><span _ngcontent-ng-c376333039=\"\" data-start-index=\"3220\" class=\"ng-star-inserted\">.<\/span><\/li>\n<p><\/labs-tailwind-structural-element-view-v2><labs-tailwind-structural-element-view-v2 _ngcontent-ng-c3091635623=\"\" _nghost-ng-c376333039=\"\" class=\"ng-star-inserted\"><\/p>\n<li _ngcontent-ng-c376333039=\"\" class=\"paragraph list-item is-rich-chat-ui normal ng-star-inserted\" data-start-index=\"3221\"><b _ngcontent-ng-c376333039=\"\" data-start-index=\"3221\" class=\"ng-star-inserted\">Secretar\u00eda de Pr\u00e9stamos:<\/b><span _ngcontent-ng-c376333039=\"\" data-start-index=\"3245\" class=\"ng-star-inserted\"> Busca alternativas de cr\u00e9dito con bajas tasas de inter\u00e9s y tramita las solicitudes de pr\u00e9stamo de los trabajadores<\/span><span _ngcontent-ng-c376333039=\"\" class=\"ng-star-inserted\"><\/span><span _ngcontent-ng-c376333039=\"\" data-start-index=\"3360\" class=\"ng-star-inserted\">.<\/span><\/li>\n<p><\/labs-tailwind-structural-element-view-v2><labs-tailwind-structural-element-view-v2 _ngcontent-ng-c3091635623=\"\" _nghost-ng-c376333039=\"\" class=\"ng-star-inserted\"><\/p>\n<li _ngcontent-ng-c376333039=\"\" class=\"paragraph list-item is-rich-chat-ui normal ng-star-inserted\" data-start-index=\"3361\"><b _ngcontent-ng-c376333039=\"\" data-start-index=\"3361\" class=\"ng-star-inserted\">Secretar\u00eda de Elecciones:<\/b><span _ngcontent-ng-c376333039=\"\" data-start-index=\"3386\" class=\"ng-star-inserted\"> Controla los periodos de gesti\u00f3n de las secciones y supervisa los procesos de elecci\u00f3n interna para asegurar que sean democr\u00e1ticos<\/span><span _ngcontent-ng-c376333039=\"\" class=\"ng-star-inserted\"><\/span><span _ngcontent-ng-c376333039=\"\" class=\"ng-star-inserted\"><\/span><span _ngcontent-ng-c376333039=\"\" data-start-index=\"3517\" class=\"ng-star-inserted\">.<\/span><\/li>\n<p><\/labs-tailwind-structural-element-view-v2><\/ol>\n<p><labs-tailwind-structural-element-view-v2 _ngcontent-ng-c3091635623=\"\" _nghost-ng-c376333039=\"\" class=\"ng-star-inserted\"><\/labs-tailwind-structural-element-view-v2><\/p>\n<div _ngcontent-ng-c376333039=\"\" class=\"paragraph is-rich-chat-ui normal ng-star-inserted\" data-start-index=\"3518\"><span _ngcontent-ng-c376333039=\"\" data-start-index=\"3518\" class=\"ng-star-inserted\">Cabe destacar que los <\/span><b _ngcontent-ng-c376333039=\"\" data-start-index=\"3540\" class=\"ng-star-inserted\">Comit\u00e9s Ejecutivos Seccionales<\/b><span _ngcontent-ng-c376333039=\"\" data-start-index=\"3570\" class=\"ng-star-inserted\"> cuentan con una estructura similar de <\/span><b _ngcontent-ng-c376333039=\"\" data-start-index=\"3609\" class=\"ng-star-inserted\">catorce secretar\u00edas<\/b><span _ngcontent-ng-c376333039=\"\" data-start-index=\"3628\" class=\"ng-star-inserted\">, adaptadas a su jurisdicci\u00f3n local para atender de manera directa a los trabajadores de cada municipio o secci\u00f3n<\/span><span _ngcontent-ng-c376333039=\"\" class=\"ng-star-inserted\"><\/span><span _ngcontent-ng-c376333039=\"\" data-start-index=\"3741\" class=\"ng-star-inserted\">.<\/span><\/div>\n<p>&nbsp;<\/p>[\/et_pb_text][\/et_pb_column][\/et_pb_row][\/et_pb_section]\n","protected":false},"excerpt":{"rendered":"<p>Dentro de la estructura organizativa del SUTPMIDEC, el Comit\u00e9 Ejecutivo Estatal se integra por diversas secretar\u00edas que tienen funciones espec\u00edficas para la defensa y servicio de los agremiados. A continuaci\u00f3n, se presenta el listado de las secretar\u00edas que operan a nivel estatal y una breve descripci\u00f3n de sus facultades: Listado de Secretar\u00edas del Comit\u00e9 Ejecutivo [&hellip;]<\/p>\n","protected":false},"author":9,"featured_media":0,"parent":0,"menu_order":0,"comment_status":"closed","ping_status":"closed","template":"","meta":{"_et_pb_use_builder":"on","_et_pb_old_content":"","_et_gb_content_width":"","footnotes":""},"class_list":["post-2221","page","type-page","status-publish","hentry"],"_links":{"self":[{"href":"https:\/\/sutpmidec.org\/web\/wp-json\/wp\/v2\/pages\/2221","targetHints":{"allow":["GET"]}}],"collection":[{"href":"https:\/\/sutpmidec.org\/web\/wp-json\/wp\/v2\/pages"}],"about":[{"href":"https:\/\/sutpmidec.org\/web\/wp-json\/wp\/v2\/types\/page"}],"author":[{"embeddable":true,"href":"https:\/\/sutpmidec.org\/web\/wp-json\/wp\/v2\/users\/9"}],"replies":[{"embeddable":true,"href":"https:\/\/sutpmidec.org\/web\/wp-json\/wp\/v2\/comments?post=2221"}],"version-history":[{"count":4,"href":"https:\/\/sutpmidec.org\/web\/wp-json\/wp\/v2\/pages\/2221\/revisions"}],"predecessor-version":[{"id":2230,"href":"https:\/\/sutpmidec.org\/web\/wp-json\/wp\/v2\/pages\/2221\/revisions\/2230"}],"wp:attachment":[{"href":"https:\/\/sutpmidec.org\/web\/wp-json\/wp\/v2\/media?parent=2221"}],"curies":[{"name":"wp","href":"https:\/\/api.w.org\/{rel}","templated":true}]}}