{"id":2232,"date":"2026-03-24T21:10:34","date_gmt":"2026-03-25T03:10:34","guid":{"rendered":"https:\/\/sutpmidec.org\/web\/?page_id=2232"},"modified":"2026-03-24T21:12:49","modified_gmt":"2026-03-25T03:12:49","slug":"fstsgem","status":"publish","type":"page","link":"https:\/\/sutpmidec.org\/web\/fstsgem\/","title":{"rendered":"FSTSGEM"},"content":{"rendered":"<p>[et_pb_section fb_built=\u00bb1&#8243; theme_builder_area=\u00bbpost_content\u00bb _builder_version=\u00bb4.27.6&#8243; _module_preset=\u00bbdefault\u00bb][et_pb_row _builder_version=\u00bb4.27.6&#8243; _module_preset=\u00bbdefault\u00bb theme_builder_area=\u00bbpost_content\u00bb][et_pb_column _builder_version=\u00bb4.27.6&#8243; _module_preset=\u00bbdefault\u00bb type=\u00bb4_4&#8243; theme_builder_area=\u00bbpost_content\u00bb][et_pb_text _builder_version=\u00bb4.27.6&#8243; _module_preset=\u00bbdefault\u00bb theme_builder_area=\u00bbpost_content\u00bb hover_enabled=\u00bb0&#8243; sticky_enabled=\u00bb0&#8243;]<\/p>\n<div _ngcontent-ng-c680598007=\"\" class=\"avatar-gutter ng-tns-c680598007-16 ng-star-inserted\">\n<p><bard-avatar _ngcontent-ng-c680598007=\"\" class=\"avatar-component ng-tns-c1560577028-17 ng-tns-c680598007-16 ng-star-inserted\" _nghost-ng-c1560577028=\"\"><\/p>\n<div _ngcontent-ng-c1560577028=\"\" bardavataranimationscontroller=\"\" class=\"bard-avatar ng-tns-c1560577028-17\">\n<div _ngcontent-ng-c1560577028=\"\" lottie-animation=\"\" class=\"avatar_spinner_animation ng-tns-c1560577028-17\">La Federaci\u00f3n Sindical de Trabajadores al Servicio de los Gobiernos de los Estados y Municipios (<b data-path-to-node=\"0\" data-index-in-node=\"97\">F.S.T.S.G.E.M.<\/b>) es una de las organizaciones gremiales m\u00e1s grandes de M\u00e9xico, ya que agrupa a los sindicatos de bur\u00f3cratas (trabajadores de los poderes estatales y ayuntamientos) de casi todas las entidades federativas.<\/div>\n<\/div>\n<p><\/bard-avatar><\/div>\n<div _ngcontent-ng-c680598007=\"\" class=\"response-container-content ng-tns-c680598007-16\">\n<div _ngcontent-ng-c1303483377=\"\" class=\"response-content ng-tns-c680598007-16\">\n<p><structured-content-container _ngcontent-ng-c1303483377=\"\" class=\"model-response-text processing-state-visible enable-2026q1-formatting-improvements ng-star-inserted\" _nghost-ng-c3966403306=\"\"><\/p>\n<div _ngcontent-ng-c3966403306=\"\" class=\"container\">\n<p><message-content _ngcontent-ng-c3966403306=\"\" _nghost-ng-c3435061000=\"\" id=\"message-content-id-r_6685c46aa2ceaf03\" class=\"ng-star-inserted\"><\/p>\n<div _ngcontent-ng-c3435061000=\"\" inline-copy-host=\"\" class=\"markdown markdown-main-panel stronger enable-updated-hr-color\" id=\"model-response-message-contentr_6685c46aa2ceaf03\" aria-live=\"polite\" aria-busy=\"false\" dir=\"ltr\">\n<hr data-path-to-node=\"2\" \/>\n<h3 data-path-to-node=\"3\">Sindicatos por Entidad Federativa<\/h3>\n<div class=\"horizontal-scroll-wrapper\">\n<div class=\"table-block-component\">\n<p><response-element class=\"\" ng-version=\"0.0.0-PLACEHOLDER\"><table-block _nghost-ng-c2413055364=\"\" class=\"ng-star-inserted\"><\/p>\n<div _ngcontent-ng-c2413055364=\"\" class=\"table-block has-export-button new-table-style is-at-scroll-start is-at-scroll-end\">\n<div _ngcontent-ng-c2413055364=\"\" not-end-of-paragraph=\"\" class=\"table-content not-end-of-paragraph\" jslog=\"275421;track:impression,attention\" data-hveid=\"0\" decode-data-ved=\"1\" data-ved=\"0CAAQ3ecQahcKEwjpiIXgh7qTAxUAAAAAHQAAAAAQKg\">\n<table data-path-to-node=\"4\">\n<thead>\n<tr>\n<td><span data-path-to-node=\"4,0,0,0\">Estado<\/span><\/td>\n<td><span data-path-to-node=\"4,0,1,0\">Nombre del Sindicato \/ Siglas<\/span><\/td>\n<\/tr>\n<\/thead>\n<tbody>\n<tr>\n<td><span data-path-to-node=\"4,1,0,0\"><b data-path-to-node=\"4,1,0,0\" data-index-in-node=\"0\">Aguascalientes<\/b><\/span><\/td>\n<td><span data-path-to-node=\"4,1,1,0\">Sindicato \u00danico de Trabajadores del Estado y Municipios de Aguascalientes (SUTEMA)<\/span><\/td>\n<\/tr>\n<tr>\n<td><span data-path-to-node=\"4,2,0,0\"><b data-path-to-node=\"4,2,0,0\" data-index-in-node=\"0\">Baja California<\/b><\/span><\/td>\n<td><span data-path-to-node=\"4,2,1,0\">Sindicato de Bur\u00f3cratas de Baja California<\/span><\/td>\n<\/tr>\n<tr>\n<td><span data-path-to-node=\"4,3,0,0\"><b data-path-to-node=\"4,3,0,0\" data-index-in-node=\"0\">Campeche<\/b><\/span><\/td>\n<td><span data-path-to-node=\"4,3,1,0\">Sindicato de los Tres Poderes del Estado de Campeche<\/span><\/td>\n<\/tr>\n<tr>\n<td><span data-path-to-node=\"4,4,0,0\"><b data-path-to-node=\"4,4,0,0\" data-index-in-node=\"0\">Chiapas<\/b><\/span><\/td>\n<td><span data-path-to-node=\"4,4,1,0\">Sindicato de Trabajadores al Servicio del Gobierno del Estado de Chiapas (STSGECH)<\/span><\/td>\n<\/tr>\n<tr>\n<td><span data-path-to-node=\"4,5,0,0\"><b data-path-to-node=\"4,5,0,0\" data-index-in-node=\"0\">Chihuahua<\/b><\/span><\/td>\n<td><span data-path-to-node=\"4,5,1,0\">Sindicato de Trabajadores al Servicio del Gobierno del Estado de Chihuahua<\/span><\/td>\n<\/tr>\n<tr>\n<td><span data-path-to-node=\"4,6,0,0\"><b data-path-to-node=\"4,6,0,0\" data-index-in-node=\"0\">Colima<\/b><\/span><\/td>\n<td><span data-path-to-node=\"4,6,1,0\">Sindicato de Trabajadores al Servicio del Gobierno del Estado de Colima (STSGE)<\/span><\/td>\n<\/tr>\n<tr>\n<td><span data-path-to-node=\"4,7,0,0\"><b data-path-to-node=\"4,7,0,0\" data-index-in-node=\"0\">Durango<\/b><\/span><\/td>\n<td><span data-path-to-node=\"4,7,1,0\">Sindicato de los Tres Poderes del Estado de Durango<\/span><\/td>\n<\/tr>\n<tr>\n<td><span data-path-to-node=\"4,8,0,0\"><b data-path-to-node=\"4,8,0,0\" data-index-in-node=\"0\">Estado de M\u00e9xico<\/b><\/span><\/td>\n<td><span data-path-to-node=\"4,8,1,0\">Sindicato de Maestros al Servicio del Estado de M\u00e9xico (SMSEM) y el SUTEyM<\/span><\/td>\n<\/tr>\n<tr>\n<td><span data-path-to-node=\"4,9,0,0\"><b data-path-to-node=\"4,9,0,0\" data-index-in-node=\"0\">Guanajuato<\/b><\/span><\/td>\n<td><span data-path-to-node=\"4,9,1,0\">Sindicato de Trabajadores al Servicio del Estado de Guanajuato (SUTEG)<\/span><\/td>\n<\/tr>\n<tr>\n<td><span data-path-to-node=\"4,10,0,0\"><b data-path-to-node=\"4,10,0,0\" data-index-in-node=\"0\">Hidalgo<\/b><\/span><\/td>\n<td><span data-path-to-node=\"4,10,1,0\">Sindicato \u00danico de Trabajadores al Servicio del Poder Ejecutivo del Estado de Hidalgo (SUTSPEEH)<\/span><\/td>\n<\/tr>\n<tr>\n<td><span data-path-to-node=\"4,11,0,0\"><b data-path-to-node=\"4,11,0,0\" data-index-in-node=\"0\">Jalisco<\/b><\/span><\/td>\n<td><span data-path-to-node=\"4,11,1,0\">Federaci\u00f3n de Sindicatos de Empleados al Servicio de los Poderes del Estado, Municipios e Instituciones Descentralizadas de Jalisco (FSESEJ)<\/span><\/td>\n<\/tr>\n<tr>\n<td><span data-path-to-node=\"4,12,0,0\"><b data-path-to-node=\"4,12,0,0\" data-index-in-node=\"0\">Nayarit<\/b><\/span><\/td>\n<td><span data-path-to-node=\"4,12,1,0\">Sindicato \u00danico de Trabajadores al Servicio del Estado y Municipios (SUTSEM)<\/span><\/td>\n<\/tr>\n<tr>\n<td><span data-path-to-node=\"4,13,0,0\"><b data-path-to-node=\"4,13,0,0\" data-index-in-node=\"0\">Nuevo Le\u00f3n<\/b><\/span><\/td>\n<td><span data-path-to-node=\"4,13,1,0\">Sindicato \u00danico de Servidores P\u00fablicos del Estado de Nuevo Le\u00f3n (SUSPE)<\/span><\/td>\n<\/tr>\n<tr>\n<td><span data-path-to-node=\"4,14,0,0\"><b data-path-to-node=\"4,14,0,0\" data-index-in-node=\"0\">Oaxaca<\/b><\/span><\/td>\n<td><span data-path-to-node=\"4,14,1,0\">Sindicato de Trabajadores de los Poderes del Estado e Instituciones Descentralizadas de Car\u00e1cter Estatal de Oaxaca (STPEIDCEO)<\/span><\/td>\n<\/tr>\n<tr>\n<td><span data-path-to-node=\"4,15,0,0\"><b data-path-to-node=\"4,15,0,0\" data-index-in-node=\"0\">Puebla<\/b><\/span><\/td>\n<td><span data-path-to-node=\"4,15,1,0\">Sindicato de Trabajadores al Servicio de los Poderes del Estado de Puebla y Organismos Descentralizados<\/span><\/td>\n<\/tr>\n<tr>\n<td><span data-path-to-node=\"4,16,0,0\"><b data-path-to-node=\"4,16,0,0\" data-index-in-node=\"0\">Quer\u00e9taro<\/b><\/span><\/td>\n<td><span data-path-to-node=\"4,16,1,0\">Sindicato de Trabajadores al Servicio de los Poderes del Estado (STSPE)<\/span><\/td>\n<\/tr>\n<tr>\n<td><span data-path-to-node=\"4,17,0,0\"><b data-path-to-node=\"4,17,0,0\" data-index-in-node=\"0\">Quintana Roo<\/b><\/span><\/td>\n<td><span data-path-to-node=\"4,17,1,0\">Sindicato de Trabajadores al Servicio de los Poderes Legislativo, Ejecutivo y Judicial del Estado de Quintana Roo (SUTAGE)<\/span><\/td>\n<\/tr>\n<tr>\n<td><span data-path-to-node=\"4,18,0,0\"><b data-path-to-node=\"4,18,0,0\" data-index-in-node=\"0\">San Luis Potos\u00ed<\/b><\/span><\/td>\n<td><span data-path-to-node=\"4,18,1,0\">Sindicato de Trabajadores al Servicio de las Instituciones P\u00fablicas del Estado<\/span><\/td>\n<\/tr>\n<tr>\n<td><span data-path-to-node=\"4,19,0,0\"><b data-path-to-node=\"4,19,0,0\" data-index-in-node=\"0\">Sinaloa<\/b><\/span><\/td>\n<td><span data-path-to-node=\"4,19,1,0\">Sindicato de Trabajadores al Servicio del Estado (STASE)<\/span><\/td>\n<\/tr>\n<tr>\n<td><span data-path-to-node=\"4,20,0,0\"><b data-path-to-node=\"4,20,0,0\" data-index-in-node=\"0\">Sonora<\/b><\/span><\/td>\n<td><span data-path-to-node=\"4,20,1,0\">Sindicato de Trabajadores al Servicio de los Poderes del Estado de Sonora (SUTSPES)<\/span><\/td>\n<\/tr>\n<tr>\n<td><span data-path-to-node=\"4,21,0,0\"><b data-path-to-node=\"4,21,0,0\" data-index-in-node=\"0\">Tabasco<\/b><\/span><\/td>\n<td><span data-path-to-node=\"4,21,1,0\">Sindicato \u00danico de Trabajadores al Servicio del Estado de Tabasco (SUTSET)<\/span><\/td>\n<\/tr>\n<tr>\n<td><span data-path-to-node=\"4,22,0,0\"><b data-path-to-node=\"4,22,0,0\" data-index-in-node=\"0\">Tlaxcala<\/b><\/span><\/td>\n<td><span data-path-to-node=\"4,22,1,0\">Sindicato \u00ab7 de Mayo\u00bb<\/span><\/td>\n<\/tr>\n<tr>\n<td><span data-path-to-node=\"4,23,0,0\"><b data-path-to-node=\"4,23,0,0\" data-index-in-node=\"0\">Yucat\u00e1n<\/b><\/span><\/td>\n<td><span data-path-to-node=\"4,23,1,0\">Sindicato de Trabajadores al Servicio del Poder Ejecutivo e Instituciones Descentralizadas de Yucat\u00e1n<\/span><\/td>\n<\/tr>\n<tr>\n<td><span data-path-to-node=\"4,24,0,0\"><b data-path-to-node=\"4,24,0,0\" data-index-in-node=\"0\">Zacatecas<\/b><\/span><\/td>\n<td><span data-path-to-node=\"4,24,1,0\">Sindicato \u00danico de Trabajadores al Servicio del Estado, Municipios y Organismos Paraestatales (SUTSEMOP)<\/span><\/td>\n<\/tr>\n<\/tbody>\n<\/table>\n<\/div>\n<div _ngcontent-ng-c2413055364=\"\" hide-from-message-actions=\"\" class=\"table-footer hide-from-message-actions\"><\/div>\n<\/div>\n<p><\/table-block><\/response-element><\/div>\n<\/div>\n<hr data-path-to-node=\"5\" \/>\n<h3 data-path-to-node=\"6\">Notas de Inter\u00e9s<\/h3>\n<ul data-path-to-node=\"7\">\n<li>\n<p data-path-to-node=\"7,0,0\"><b data-path-to-node=\"7,0,0\" data-index-in-node=\"0\">Alcance:<\/b> Aunque la lista anterior cubre la mayor\u00eda de las secciones, la F.S.T.S.G.E.M. se actualiza constantemente con la adhesi\u00f3n de nuevos sindicatos municipales independientes que deciden federarse.<\/p>\n<\/li>\n<li>\n<p data-path-to-node=\"7,1,0\"><b data-path-to-node=\"7,1,0\" data-index-in-node=\"0\">Liderazgo:<\/b> Esta federaci\u00f3n es clave en la negociaci\u00f3n de las condiciones generales de trabajo y prestaciones de ley para los servidores p\u00fablicos a nivel nacional.<\/p>\n<\/li>\n<\/ul>\n<blockquote data-path-to-node=\"8\">\n<p data-path-to-node=\"8,0\"><b data-path-to-node=\"8,0\" data-index-in-node=\"0\">Dato importante:<\/b> La estructura de la F.S.T.S.G.E.M. es distinta a la de la F.S.T.S.E. (Federaci\u00f3n de Sindicatos de Trabajadores al Servicio del Estado), ya que esta \u00faltima agrupa principalmente a trabajadores de dependencias <b data-path-to-node=\"8,0\" data-index-in-node=\"225\">federales<\/b>.<\/p>\n<\/blockquote>\n<\/div>\n<p><\/message-content><\/div>\n<p><\/structured-content-container><\/div>\n<\/div>\n<p>[\/et_pb_text][\/et_pb_column][\/et_pb_row][\/et_pb_section]<\/p>\n","protected":false},"excerpt":{"rendered":"<p>La Federaci\u00f3n Sindical de Trabajadores al Servicio de los Gobiernos de los Estados y Municipios (F.S.T.S.G.E.M.) es una de las organizaciones gremiales m\u00e1s grandes de M\u00e9xico, ya que agrupa a los sindicatos de bur\u00f3cratas (trabajadores de los poderes estatales y ayuntamientos) de casi todas las entidades federativas. Sindicatos por Entidad Federativa Estado Nombre del Sindicato [&hellip;]<\/p>\n","protected":false},"author":9,"featured_media":0,"parent":0,"menu_order":0,"comment_status":"closed","ping_status":"closed","template":"","meta":{"_et_pb_use_builder":"on","_et_pb_old_content":"","_et_gb_content_width":"","footnotes":""},"class_list":["post-2232","page","type-page","status-publish","hentry"],"_links":{"self":[{"href":"https:\/\/sutpmidec.org\/web\/wp-json\/wp\/v2\/pages\/2232","targetHints":{"allow":["GET"]}}],"collection":[{"href":"https:\/\/sutpmidec.org\/web\/wp-json\/wp\/v2\/pages"}],"about":[{"href":"https:\/\/sutpmidec.org\/web\/wp-json\/wp\/v2\/types\/page"}],"author":[{"embeddable":true,"href":"https:\/\/sutpmidec.org\/web\/wp-json\/wp\/v2\/users\/9"}],"replies":[{"embeddable":true,"href":"https:\/\/sutpmidec.org\/web\/wp-json\/wp\/v2\/comments?post=2232"}],"version-history":[{"count":3,"href":"https:\/\/sutpmidec.org\/web\/wp-json\/wp\/v2\/pages\/2232\/revisions"}],"predecessor-version":[{"id":2237,"href":"https:\/\/sutpmidec.org\/web\/wp-json\/wp\/v2\/pages\/2232\/revisions\/2237"}],"wp:attachment":[{"href":"https:\/\/sutpmidec.org\/web\/wp-json\/wp\/v2\/media?parent=2232"}],"curies":[{"name":"wp","href":"https:\/\/api.w.org\/{rel}","templated":true}]}}